{"id":248,"date":"2023-06-17T15:29:57","date_gmt":"2023-06-17T15:29:57","guid":{"rendered":"https:\/\/ehsp.turnon.ch\/?page_id=248"},"modified":"2023-09-08T20:23:25","modified_gmt":"2023-09-08T20:23:25","slug":"unterseite_bsp","status":"publish","type":"page","link":"https:\/\/www.erstehilfeschulung.ch\/?page_id=248","title":{"rendered":"erste hilfe schulungen"},"content":{"rendered":"<div id=\"pl-248\"  class=\"panel-layout\" ><div id=\"pg-248-0\"  class=\"panel-grid panel-has-style\" ><div class=\"panel-row-style panel-row-style-for-248-0\" ><div id=\"pgc-248-0-0\"  class=\"panel-grid-cell\" ><div id=\"panel-248-0-0-0\" class=\"so-panel widget widget_sow-editor panel-first-child panel-last-child\" data-index=\"0\" ><div class=\"panel-widget-style panel-widget-style-for-248-0-0-0\" ><div\n\t\t\t\n\t\t\tclass=\"so-widget-sow-editor so-widget-sow-editor-base\"\n\t\t\t\n\t\t>\n<div class=\"siteorigin-widget-tinymce textwidget\">\n\t<h4><strong><span style=\"color: #0000ff;\">BLS AED schulungen<br \/>\nSRC \/ ILCOR zertifiziert<\/span><\/strong><\/h4>\n<\/div>\n<\/div><\/div><\/div><\/div><div id=\"pgc-248-0-1\"  class=\"panel-grid-cell\" ><div id=\"panel-248-0-1-0\" class=\"so-panel widget widget_sow-editor panel-first-child panel-last-child\" data-index=\"1\" ><div class=\"panel-widget-style panel-widget-style-for-248-0-1-0\" ><div\n\t\t\t\n\t\t\tclass=\"so-widget-sow-editor so-widget-sow-editor-base\"\n\t\t\t\n\t\t>\n<div class=\"siteorigin-widget-tinymce textwidget\">\n\t<p>f\u00fcr kunden die einen zertifizierten erste hilfe kurs ben\u00f6tigen<\/p>\n<p>kursinhalt gem\u00e4ss SRC \/ ILCOR guidelines 2021<br \/>\nz.b. firmen, fitnessinstruktoren, badeaufsichten, spitex, physios, lehrpersonen, etc.<\/p>\n<p><strong>kursdauer: 4 stunden<\/strong><\/p>\n<p><strong>kursort: kurslokal hallau oder beim kunden vor ort<br \/>\n<\/strong><\/p>\n<p>&nbsp;<\/p>\n<p>kosten: k\u00f6nnen nach detailabsprache bekannt gegeben werden<\/p>\n<\/div>\n<\/div><\/div><\/div><\/div><div id=\"pgc-248-0-2\"  class=\"panel-grid-cell\" ><div id=\"panel-248-0-2-0\" class=\"so-panel widget widget_sow-image panel-first-child\" data-index=\"2\" ><div\n\t\t\t\n\t\t\tclass=\"so-widget-sow-image so-widget-sow-image-default-4e6925654b7a-248\"\n\t\t\t\n\t\t>\n\n<div class=\"sow-image-container\">\n\t\t<img src=\"https:\/\/www.erstehilfeschulung.ch\/wp-content\/uploads\/2023\/08\/src_guetesiegel2021-1024x625.png\" width=\"1024\" height=\"625\" srcset=\"https:\/\/www.erstehilfeschulung.ch\/wp-content\/uploads\/2023\/08\/src_guetesiegel2021-1024x625.png 1024w, https:\/\/www.erstehilfeschulung.ch\/wp-content\/uploads\/2023\/08\/src_guetesiegel2021-300x183.png 300w, https:\/\/www.erstehilfeschulung.ch\/wp-content\/uploads\/2023\/08\/src_guetesiegel2021-768x468.png 768w, https:\/\/www.erstehilfeschulung.ch\/wp-content\/uploads\/2023\/08\/src_guetesiegel2021-150x92.png 150w, https:\/\/www.erstehilfeschulung.ch\/wp-content\/uploads\/2023\/08\/src_guetesiegel2021.png 1200w\" sizes=\"(max-width: 1024px) 100vw, 1024px\" alt=\"\" loading=\"lazy\" \t\tclass=\"so-widget-image\"\/>\n\t<\/div>\n\n<\/div><\/div><div id=\"panel-248-0-2-1\" class=\"so-panel widget widget_sow-image panel-last-child\" data-index=\"3\" ><div\n\t\t\t\n\t\t\tclass=\"so-widget-sow-image so-widget-sow-image-default-4e6925654b7a-248\"\n\t\t\t\n\t\t>\n\n<div class=\"sow-image-container\">\n\t\t<img src=\"https:\/\/www.erstehilfeschulung.ch\/wp-content\/uploads\/2023\/08\/2123617-150x150.gif\" width=\"150\" height=\"150\" srcset=\"https:\/\/www.erstehilfeschulung.ch\/wp-content\/uploads\/2023\/08\/2123617-150x150.gif 150w, https:\/\/www.erstehilfeschulung.ch\/wp-content\/uploads\/2023\/08\/2123617-1014x1024.gif 1014w, https:\/\/www.erstehilfeschulung.ch\/wp-content\/uploads\/2023\/08\/2123617-768x775.gif 768w\" sizes=\"(max-width: 150px) 100vw, 150px\" alt=\"\" loading=\"lazy\" \t\tclass=\"so-widget-image\"\/>\n\t<\/div>\n\n<\/div><\/div><\/div><\/div><\/div><div id=\"pg-248-1\"  class=\"panel-grid panel-has-style\" ><div class=\"panel-row-style panel-row-style-for-248-1\" ><div id=\"pgc-248-1-0\"  class=\"panel-grid-cell\" ><div id=\"panel-248-1-0-0\" class=\"so-panel widget widget_sow-editor panel-first-child panel-last-child\" data-index=\"4\" ><div class=\"panel-widget-style panel-widget-style-for-248-1-0-0\" ><div\n\t\t\t\n\t\t\tclass=\"so-widget-sow-editor so-widget-sow-editor-base\"\n\t\t\t\n\t\t>\n<div class=\"siteorigin-widget-tinymce textwidget\">\n\t<h4><strong><span style=\"color: #0000ff;\">erste hilfe schulung - <\/span><\/strong><\/h4>\n<h4><strong><span style=\"color: #0000ff;\">situativ auf kunden angepasst<\/span><\/strong><\/h4>\n<\/div>\n<\/div><\/div><\/div><\/div><div id=\"pgc-248-1-1\"  class=\"panel-grid-cell\" ><div id=\"panel-248-1-1-0\" class=\"so-panel widget widget_sow-editor panel-first-child panel-last-child\" data-index=\"5\" ><div class=\"panel-widget-style panel-widget-style-for-248-1-1-0\" ><div\n\t\t\t\n\t\t\tclass=\"so-widget-sow-editor so-widget-sow-editor-base\"\n\t\t\t\n\t\t>\n<div class=\"siteorigin-widget-tinymce textwidget\">\n\t<p>individuell zusammengestellte erste hilfe schulung f\u00fcr firmen, vereine privatpersonen<\/p>\n<p>z.b. notf\u00e4lle bei kleinkindern, crashkurse, defikurse, vortr\u00e4ge, schulprojekte, teamevents und vieles mehr<\/p>\n<p>&nbsp;<\/p>\n<p><strong>kursdauer: 3-4 stunden<\/strong><\/p>\n<p><strong>kursort: kurslokal hallau oder beim kunden vor ort<\/strong><\/p>\n<p>&nbsp;<\/p>\n<p>kosten: k\u00f6nnen nach detailabsprache bekannt gegeben werden<\/p>\n<\/div>\n<\/div><\/div><\/div><\/div><div id=\"pgc-248-1-2\"  class=\"panel-grid-cell\" ><div id=\"panel-248-1-2-0\" class=\"so-panel widget widget_sow-image panel-first-child panel-last-child\" data-index=\"6\" ><div\n\t\t\t\n\t\t\tclass=\"so-widget-sow-image so-widget-sow-image-default-113ccd71f3e6-248\"\n\t\t\t\n\t\t>\n\n<div class=\"sow-image-container\">\n\t\t<img src=\"https:\/\/www.erstehilfeschulung.ch\/wp-content\/uploads\/2023\/07\/ehs_el_BLACK_2.png\" width=\"400\" height=\"181\" srcset=\"https:\/\/www.erstehilfeschulung.ch\/wp-content\/uploads\/2023\/07\/ehs_el_BLACK_2.png 400w, https:\/\/www.erstehilfeschulung.ch\/wp-content\/uploads\/2023\/07\/ehs_el_BLACK_2-300x136.png 300w, https:\/\/www.erstehilfeschulung.ch\/wp-content\/uploads\/2023\/07\/ehs_el_BLACK_2-150x68.png 150w\" sizes=\"(max-width: 400px) 100vw, 400px\" alt=\"\" loading=\"lazy\" \t\tclass=\"so-widget-image\"\/>\n\t<\/div>\n\n<\/div><\/div><\/div><\/div><\/div><div id=\"pg-248-2\"  class=\"panel-grid panel-no-style\" ><div id=\"pgc-248-2-0\"  class=\"panel-grid-cell panel-grid-cell-mobile-last\" ><div id=\"panel-248-2-0-0\" class=\"so-panel widget widget_sow-editor panel-first-child panel-last-child\" data-index=\"7\" ><div\n\t\t\t\n\t\t\tclass=\"so-widget-sow-editor so-widget-sow-editor-base\"\n\t\t\t\n\t\t>\n<div class=\"siteorigin-widget-tinymce textwidget\">\n\t<p>&nbsp;<\/p>\n<p><strong>interessiert an unseren dienstleistungen? dann nehmen sie bitte kontakt mit uns auf, wir melden uns umgehend bei ihnen<\/strong>.<\/p>\n<div class=\"wpforms-container wpforms-container-full wpforms-render-modern\" id=\"wpforms-499\"><form id=\"wpforms-form-499\" class=\"wpforms-validate wpforms-form wpforms-ajax-form\" data-formid=\"499\" method=\"post\" enctype=\"multipart\/form-data\" action=\"\/index.php?rest_route=%2Fwp%2Fv2%2Fpages%2F248\" data-token=\"1c849825a1bba194c35f266411019dc2\"><noscript class=\"wpforms-error-noscript\">Bitte aktiviere JavaScript in deinem Browser, um dieses Formular fertigzustellen.<\/noscript><div class=\"wpforms-hidden\" id=\"wpforms-error-noscript\">Bitte aktiviere JavaScript in deinem Browser, um dieses Formular fertigzustellen.<\/div><div class=\"wpforms-field-container\"><div id=\"wpforms-499-field_0-container\" class=\"wpforms-field wpforms-field-name\" data-field-id=\"0\"><label class=\"wpforms-field-label\" for=\"wpforms-499-field_0\">name <span class=\"wpforms-required-label\" aria-hidden=\"true\">*<\/span><\/label><input type=\"text\" id=\"wpforms-499-field_0\" class=\"wpforms-field-medium wpforms-field-required\" name=\"wpforms[fields][0]\" aria-errormessage=\"wpforms-499-field_0-error\" required><\/div><div id=\"wpforms-499-field_4-container\" class=\"wpforms-field wpforms-field-text\" data-field-id=\"4\"><label class=\"wpforms-field-label\" for=\"wpforms-499-field_4\">vorname<\/label><input type=\"text\" id=\"wpforms-499-field_4\" class=\"wpforms-field-medium\" name=\"wpforms[fields][4]\" aria-errormessage=\"wpforms-499-field_4-error\" ><\/div><div id=\"wpforms-499-field_3-container\" class=\"wpforms-field wpforms-field-text\" data-field-id=\"3\"><label class=\"wpforms-field-label\" for=\"wpforms-499-field_3\">Institution \/ Firma<\/label><input type=\"text\" id=\"wpforms-499-field_3\" class=\"wpforms-field-medium\" name=\"wpforms[fields][3]\" aria-errormessage=\"wpforms-499-field_3-error\" ><\/div><div id=\"wpforms-499-field_1-container\" class=\"wpforms-field wpforms-field-email\" data-field-id=\"1\"><label class=\"wpforms-field-label\" for=\"wpforms-499-field_1\">E-Mail <span class=\"wpforms-required-label\" aria-hidden=\"true\">*<\/span><\/label><input type=\"email\" id=\"wpforms-499-field_1\" class=\"wpforms-field-medium wpforms-field-required\" name=\"wpforms[fields][1]\" spellcheck=\"false\" aria-errormessage=\"wpforms-499-field_1-error\" required><\/div><div id=\"wpforms-499-field_5-container\" class=\"wpforms-field wpforms-field-checkbox\" data-field-id=\"5\"><fieldset><legend class=\"wpforms-field-label\">womit d\u00fcrfen wir ihnen helfen?<\/legend><ul id=\"wpforms-499-field_5\"><li class=\"choice-1 depth-1\"><input type=\"checkbox\" id=\"wpforms-499-field_5_1\" name=\"wpforms[fields][5][]\" value=\"mich \/ uns interessiert das segement BLS AED schulungen\" aria-errormessage=\"wpforms-499-field_5_1-error\"  ><label class=\"wpforms-field-label-inline\" for=\"wpforms-499-field_5_1\">mich \/ uns interessiert das segement BLS AED schulungen<\/label><\/li><li class=\"choice-2 depth-1\"><input type=\"checkbox\" id=\"wpforms-499-field_5_2\" name=\"wpforms[fields][5][]\" value=\"mich \/ uns interessiert das segement situativ auf kunden angepasst\" aria-errormessage=\"wpforms-499-field_5_2-error\"  ><label class=\"wpforms-field-label-inline\" for=\"wpforms-499-field_5_2\">mich \/ uns interessiert das segement situativ auf kunden angepasst<\/label><\/li><li class=\"choice-3 depth-1\"><input type=\"checkbox\" id=\"wpforms-499-field_5_3\" name=\"wpforms[fields][5][]\" value=\"mich \/ uns interessiert das segment eventunterst\u00fctzung\" aria-errormessage=\"wpforms-499-field_5_3-error\"  ><label class=\"wpforms-field-label-inline\" for=\"wpforms-499-field_5_3\">mich \/ uns interessiert das segment eventunterst\u00fctzung<\/label><\/li><\/ul><\/fieldset><\/div><div id=\"wpforms-499-field_2-container\" class=\"wpforms-field wpforms-field-textarea\" data-field-id=\"2\"><label class=\"wpforms-field-label\" for=\"wpforms-499-field_2\">Kommentar oder Nachricht<\/label><textarea id=\"wpforms-499-field_2\" class=\"wpforms-field-medium\" name=\"wpforms[fields][2]\" aria-errormessage=\"wpforms-499-field_2-error\" ><\/textarea><\/div><\/div><!-- .wpforms-field-container --><div class=\"wpforms-submit-container\" ><input type=\"hidden\" name=\"wpforms[id]\" value=\"499\"><input type=\"hidden\" name=\"wpforms[author]\" value=\"2\"><button type=\"submit\" name=\"wpforms[submit]\" id=\"wpforms-submit-499\" class=\"wpforms-submit\" data-alt-text=\"Senden\u2026\" data-submit-text=\"Absenden\" aria-live=\"assertive\" value=\"wpforms-submit\">Absenden<\/button><img src=\"https:\/\/www.erstehilfeschulung.ch\/wp-content\/plugins\/wpforms-lite\/assets\/images\/submit-spin.svg\" class=\"wpforms-submit-spinner\" style=\"display: none;\" width=\"26\" height=\"26\" alt=\"Wird geladen\"><\/div><\/form><\/div>  <!-- .wpforms-container -->\n<\/div>\n<\/div><\/div><\/div><div id=\"pgc-248-2-1\"  class=\"panel-grid-cell panel-grid-cell-empty\" ><\/div><\/div><\/div>","protected":false},"excerpt":{"rendered":"<p>BLS AED schulungen SRC \/ ILCOR zertifiziert f\u00fcr kunden die einen zertifizierten erste hilfe kurs ben\u00f6tigen kursinhalt gem\u00e4ss SRC \/ ILCOR guidelines 2021 z.b. firmen, fitnessinstruktoren, badeaufsichten, spitex, physios, lehrpersonen, etc. kursdauer: 4 stunden kursort: kurslokal hallau oder beim kunden vor ort &nbsp; kosten: k\u00f6nnen nach detailabsprache bekannt gegeben werden<\/p>\n<p class=\"continue-reading-button\"> <a class=\"continue-reading-link\" href=\"https:\/\/www.erstehilfeschulung.ch\/?page_id=248\">Continue reading<i class=\"crycon-right-dir\"><\/i><\/a><\/p>\n","protected":false},"author":2,"featured_media":0,"parent":0,"menu_order":0,"comment_status":"closed","ping_status":"closed","template":"","meta":[],"_links":{"self":[{"href":"https:\/\/www.erstehilfeschulung.ch\/index.php?rest_route=\/wp\/v2\/pages\/248"}],"collection":[{"href":"https:\/\/www.erstehilfeschulung.ch\/index.php?rest_route=\/wp\/v2\/pages"}],"about":[{"href":"https:\/\/www.erstehilfeschulung.ch\/index.php?rest_route=\/wp\/v2\/types\/page"}],"author":[{"embeddable":true,"href":"https:\/\/www.erstehilfeschulung.ch\/index.php?rest_route=\/wp\/v2\/users\/2"}],"replies":[{"embeddable":true,"href":"https:\/\/www.erstehilfeschulung.ch\/index.php?rest_route=%2Fwp%2Fv2%2Fcomments&post=248"}],"version-history":[{"count":10,"href":"https:\/\/www.erstehilfeschulung.ch\/index.php?rest_route=\/wp\/v2\/pages\/248\/revisions"}],"predecessor-version":[{"id":518,"href":"https:\/\/www.erstehilfeschulung.ch\/index.php?rest_route=\/wp\/v2\/pages\/248\/revisions\/518"}],"wp:attachment":[{"href":"https:\/\/www.erstehilfeschulung.ch\/index.php?rest_route=%2Fwp%2Fv2%2Fmedia&parent=248"}],"curies":[{"name":"wp","href":"https:\/\/api.w.org\/{rel}","templated":true}]}}